{"id":8907,"date":"2025-09-01T21:42:41","date_gmt":"2025-09-01T21:42:41","guid":{"rendered":"http:\/\/payfoxe.com\/stage\/?post_type=product&#038;p=8907"},"modified":"2025-09-01T21:42:41","modified_gmt":"2025-09-01T21:42:41","slug":"cay-xuong-rong-que-kem-60-g","status":"publish","type":"product","link":"https:\/\/payfoxe.com\/stage\/product\/cay-xuong-rong-que-kem-60-g\/","title":{"rendered":"C\u00e2y x\u01b0\u01a1ng r\u1ed3ng que kem 60 g"},"content":{"rendered":"","protected":false},"excerpt":{"rendered":"<p>Kem h\u01b0\u01a1ng s\u1eefa chua v\u1edbi l\u1edbp ph\u1ee7 gi\u00f2n m\u00e0u xanh l\u00e1 c\u00e2y t\u01b0\u01a1i s\u00e1ng c\u00f9ng nh\u1eefng mi\u1ebfng qu\u1ea3 m\u00e2m x\u00f4i \u0111\u00f4ng kh\u00f4 \u0111\u1ec3 b\u1eaft ch\u01b0\u1edbc h\u00ecnh gai.<\/p>\n","protected":false},"featured_media":8908,"template":"","meta":{"site-sidebar-layout":"default","site-content-layout":"","ast-site-content-layout":"default","site-content-style":"default","site-sidebar-style":"default","ast-global-header-display":"","ast-banner-title-visibility":"","ast-main-header-display":"","ast-hfb-above-header-display":"","ast-hfb-below-header-display":"","ast-hfb-mobile-header-display":"","site-post-title":"","ast-breadcrumbs-content":"","ast-featured-img":"","footer-sml-layout":"","theme-transparent-header-meta":"default","adv-header-id-meta":"","stick-header-meta":"","header-above-stick-meta":"","header-main-stick-meta":"","header-below-stick-meta":"","astra-migrate-meta-layouts":"set","ast-page-background-enabled":"default","ast-page-background-meta":{"desktop":{"background-color":"","background-image":"","background-repeat":"repeat","background-position":"center center","background-size":"auto","background-attachment":"scroll","background-type":"","background-media":"","overlay-type":"","overlay-color":"","overlay-opacity":"","overlay-gradient":""},"tablet":{"background-color":"","background-image":"","background-repeat":"repeat","background-position":"center center","background-size":"auto","background-attachment":"scroll","background-type":"","background-media":"","overlay-type":"","overlay-color":"","overlay-opacity":"","overlay-gradient":""},"mobile":{"background-color":"","background-image":"","background-repeat":"repeat","background-position":"center center","background-size":"auto","background-attachment":"scroll","background-type":"","background-media":"","overlay-type":"","overlay-color":"","overlay-opacity":"","overlay-gradient":""}},"ast-content-background-meta":{"desktop":{"background-color":"var(--ast-global-color-5)","background-image":"","background-repeat":"repeat","background-position":"center center","background-size":"auto","background-attachment":"scroll","background-type":"","background-media":"","overlay-type":"","overlay-color":"","overlay-opacity":"","overlay-gradient":""},"tablet":{"background-color":"var(--ast-global-color-5)","background-image":"","background-repeat":"repeat","background-position":"center center","background-size":"auto","background-attachment":"scroll","background-type":"","background-media":"","overlay-type":"","overlay-color":"","overlay-opacity":"","overlay-gradient":""},"mobile":{"background-color":"var(--ast-global-color-5)","background-image":"","background-repeat":"repeat","background-position":"center center","background-size":"auto","background-attachment":"scroll","background-type":"","background-media":"","overlay-type":"","overlay-color":"","overlay-opacity":"","overlay-gradient":""}}},"product_brand":[49],"product_cat":[50],"product_tag":[],"class_list":{"0":"post-8907","1":"product","2":"type-product","3":"status-publish","4":"has-post-thumbnail","6":"product_brand-bremor","7":"product_cat-yukki","8":"desktop-align-center","9":"tablet-align-center","10":"mobile-align-center","12":"first","13":"instock","14":"shipping-taxable","15":"product-type-simple"},"jetpack_sharing_enabled":true,"_links":{"self":[{"href":"https:\/\/payfoxe.com\/stage\/wp-json\/wp\/v2\/product\/8907","targetHints":{"allow":["GET"]}}],"collection":[{"href":"https:\/\/payfoxe.com\/stage\/wp-json\/wp\/v2\/product"}],"about":[{"href":"https:\/\/payfoxe.com\/stage\/wp-json\/wp\/v2\/types\/product"}],"wp:featuredmedia":[{"embeddable":true,"href":"https:\/\/payfoxe.com\/stage\/wp-json\/wp\/v2\/media\/8908"}],"wp:attachment":[{"href":"https:\/\/payfoxe.com\/stage\/wp-json\/wp\/v2\/media?parent=8907"}],"wp:term":[{"taxonomy":"product_brand","embeddable":true,"href":"https:\/\/payfoxe.com\/stage\/wp-json\/wp\/v2\/product_brand?post=8907"},{"taxonomy":"product_cat","embeddable":true,"href":"https:\/\/payfoxe.com\/stage\/wp-json\/wp\/v2\/product_cat?post=8907"},{"taxonomy":"product_tag","embeddable":true,"href":"https:\/\/payfoxe.com\/stage\/wp-json\/wp\/v2\/product_tag?post=8907"}],"curies":[{"name":"wp","href":"https:\/\/api.w.org\/{rel}","templated":true}]}}