{"id":8879,"date":"2025-09-01T21:12:27","date_gmt":"2025-09-01T21:12:27","guid":{"rendered":"http:\/\/payfoxe.com\/stage\/?post_type=product&#038;p=8879"},"modified":"2025-09-01T21:12:27","modified_gmt":"2025-09-01T21:12:27","slug":"banh-quy-den-trang-mieng-voi-huong-vi-vani-sua-banh-quy-va-vun-banh-quy-ca-cao-2800-g","status":"publish","type":"product","link":"https:\/\/payfoxe.com\/stage\/product\/banh-quy-den-trang-mieng-voi-huong-vi-vani-sua-banh-quy-va-vun-banh-quy-ca-cao-2800-g\/","title":{"rendered":"B\u00e1nh quy \u0111en&#8221; tr\u00e1ng mi\u1ec7ng v\u1edbi h\u01b0\u01a1ng v\u1ecb vani-s\u1eefa-b\u00e1nh quy v\u00e0 v\u1ee5n b\u00e1nh quy ca cao 2800 g"},"content":{"rendered":"","protected":false},"excerpt":{"rendered":"<p>V\u1edbi b\u00e1nh quy s\u00f4 c\u00f4 la chip<\/p>\n","protected":false},"featured_media":8880,"template":"","meta":{"site-sidebar-layout":"default","site-content-layout":"","ast-site-content-layout":"default","site-content-style":"default","site-sidebar-style":"default","ast-global-header-display":"","ast-banner-title-visibility":"","ast-main-header-display":"","ast-hfb-above-header-display":"","ast-hfb-below-header-display":"","ast-hfb-mobile-header-display":"","site-post-title":"","ast-breadcrumbs-content":"","ast-featured-img":"","footer-sml-layout":"","theme-transparent-header-meta":"default","adv-header-id-meta":"","stick-header-meta":"","header-above-stick-meta":"","header-main-stick-meta":"","header-below-stick-meta":"","astra-migrate-meta-layouts":"set","ast-page-background-enabled":"default","ast-page-background-meta":{"desktop":{"background-color":"","background-image":"","background-repeat":"repeat","background-position":"center center","background-size":"auto","background-attachment":"scroll","background-type":"","background-media":"","overlay-type":"","overlay-color":"","overlay-opacity":"","overlay-gradient":""},"tablet":{"background-color":"","background-image":"","background-repeat":"repeat","background-position":"center center","background-size":"auto","background-attachment":"scroll","background-type":"","background-media":"","overlay-type":"","overlay-color":"","overlay-opacity":"","overlay-gradient":""},"mobile":{"background-color":"","background-image":"","background-repeat":"repeat","background-position":"center center","background-size":"auto","background-attachment":"scroll","background-type":"","background-media":"","overlay-type":"","overlay-color":"","overlay-opacity":"","overlay-gradient":""}},"ast-content-background-meta":{"desktop":{"background-color":"var(--ast-global-color-5)","background-image":"","background-repeat":"repeat","background-position":"center center","background-size":"auto","background-attachment":"scroll","background-type":"","background-media":"","overlay-type":"","overlay-color":"","overlay-opacity":"","overlay-gradient":""},"tablet":{"background-color":"var(--ast-global-color-5)","background-image":"","background-repeat":"repeat","background-position":"center center","background-size":"auto","background-attachment":"scroll","background-type":"","background-media":"","overlay-type":"","overlay-color":"","overlay-opacity":"","overlay-gradient":""},"mobile":{"background-color":"var(--ast-global-color-5)","background-image":"","background-repeat":"repeat","background-position":"center center","background-size":"auto","background-attachment":"scroll","background-type":"","background-media":"","overlay-type":"","overlay-color":"","overlay-opacity":"","overlay-gradient":""}}},"product_brand":[49],"product_cat":[50],"product_tag":[],"class_list":{"0":"post-8879","1":"product","2":"type-product","3":"status-publish","4":"has-post-thumbnail","6":"product_brand-bremor","7":"product_cat-yukki","8":"desktop-align-center","9":"tablet-align-center","10":"mobile-align-center","12":"first","13":"instock","14":"shipping-taxable","15":"product-type-simple"},"jetpack_sharing_enabled":true,"_links":{"self":[{"href":"https:\/\/payfoxe.com\/stage\/wp-json\/wp\/v2\/product\/8879","targetHints":{"allow":["GET"]}}],"collection":[{"href":"https:\/\/payfoxe.com\/stage\/wp-json\/wp\/v2\/product"}],"about":[{"href":"https:\/\/payfoxe.com\/stage\/wp-json\/wp\/v2\/types\/product"}],"wp:featuredmedia":[{"embeddable":true,"href":"https:\/\/payfoxe.com\/stage\/wp-json\/wp\/v2\/media\/8880"}],"wp:attachment":[{"href":"https:\/\/payfoxe.com\/stage\/wp-json\/wp\/v2\/media?parent=8879"}],"wp:term":[{"taxonomy":"product_brand","embeddable":true,"href":"https:\/\/payfoxe.com\/stage\/wp-json\/wp\/v2\/product_brand?post=8879"},{"taxonomy":"product_cat","embeddable":true,"href":"https:\/\/payfoxe.com\/stage\/wp-json\/wp\/v2\/product_cat?post=8879"},{"taxonomy":"product_tag","embeddable":true,"href":"https:\/\/payfoxe.com\/stage\/wp-json\/wp\/v2\/product_tag?post=8879"}],"curies":[{"name":"wp","href":"https:\/\/api.w.org\/{rel}","templated":true}]}}